{"id":11,"date":"2023-07-10T09:11:26","date_gmt":"2023-07-10T07:11:26","guid":{"rendered":"https:\/\/resory-grudziadz.pl\/?page_id=11"},"modified":"2023-09-03T19:03:19","modified_gmt":"2023-09-03T17:03:19","slug":"strona-glowna","status":"publish","type":"page","link":"https:\/\/resory-grudziadz.pl\/","title":{"rendered":"STRONA G\u0141\u00d3WNA"},"content":{"rendered":"<p>[et_pb_section fb_built=&#8221;1&#8243; _builder_version=&#8221;4.17.4&#8243; _module_preset=&#8221;default&#8221; background_enable_color=&#8221;off&#8221; background_image=&#8221;https:\/\/resory-grudziadz.pl\/wp-content\/uploads\/2023\/08\/Ralley-Team-driving-jpg.webp&#8221; custom_padding=&#8221;100px||110px||false|false&#8221; global_colors_info=&#8221;{}&#8221;][et_pb_row _builder_version=&#8221;4.17.4&#8243; _module_preset=&#8221;default&#8221; max_width=&#8221;720px&#8221; global_colors_info=&#8221;{}&#8221;][et_pb_column type=&#8221;4_4&#8243; _builder_version=&#8221;4.17.4&#8243; _module_preset=&#8221;default&#8221; global_colors_info=&#8221;{}&#8221;][et_pb_text admin_label=&#8221;Tekst&#8221; _builder_version=&#8221;4.17.4&#8243; _module_preset=&#8221;default&#8221; header_font=&#8221;Bebas Neue||||||||&#8221; header_text_align=&#8221;center&#8221; header_font_size=&#8221;64px&#8221; background_layout=&#8221;dark&#8221; module_alignment=&#8221;center&#8221; custom_margin=&#8221;||95px||false|false&#8221; global_colors_info=&#8221;{}&#8221;]<\/p>\n<h1><span>CENTRUM RESOR\u00d3W<\/span><\/h1>\n<p>[\/et_pb_text][et_pb_text _builder_version=&#8221;4.17.4&#8243; _module_preset=&#8221;default&#8221; text_font=&#8221;Inter||||||||&#8221; text_orientation=&#8221;center&#8221; background_layout=&#8221;dark&#8221; global_colors_info=&#8221;{}&#8221;]<\/p>\n<p><span> Dzia\u0142amy na rynku od 1983 roku.<\/span><\/p>\n<p>[\/et_pb_text][et_pb_text _builder_version=&#8221;4.17.4&#8243; _module_preset=&#8221;default&#8221; text_font=&#8221;Inter||||||||&#8221; text_orientation=&#8221;center&#8221; background_layout=&#8221;dark&#8221; custom_margin=&#8221;||50px||false|false&#8221; global_colors_info=&#8221;{}&#8221;]<\/p>\n<p><span> Specjalizujemy si\u0119 w sprzeda\u017cy wszelkiego typu resor\u00f3w do samochod\u00f3w ci\u0119\u017carowych, dostawczych, naczep, przyczep <\/span><\/p>\n<p>Jeste\u015bmy r\u00f3wnie\u017c polskim przedstawicielem niemieckiej firmy SCHOM\u00c4CKER FEDERNWERK GMBH<\/p>\n<p>&nbsp;<\/p>\n<h2 style=\"text-align: center;\"><span>KUPISZ U NAS <\/span><span>&#8211; NIC NIE STRACISZ <\/span><span>&#8211; U PO\u015aREDNIKA PRZEP\u0141ACISZ<\/span><\/h2>\n<p>[\/et_pb_text][et_pb_button button_url=&#8221;#kontakt&#8221; button_text=&#8221;Napisz do nas&#8221; button_alignment=&#8221;center&#8221; _builder_version=&#8221;4.17.4&#8243; _module_preset=&#8221;default&#8221; custom_button=&#8221;on&#8221; button_font=&#8221;|600||on|||||&#8221; button_use_icon=&#8221;off&#8221; custom_margin=&#8221;||100px||false|false&#8221; custom_padding=&#8221;18px|66px|18px|66px|true|true&#8221; global_colors_info=&#8221;{}&#8221;][\/et_pb_button][\/et_pb_column][\/et_pb_row][et_pb_row column_structure=&#8221;1_3,1_3,1_3&#8243; _builder_version=&#8221;4.17.4&#8243; _module_preset=&#8221;default&#8221; global_colors_info=&#8221;{}&#8221;][et_pb_column type=&#8221;1_3&#8243; _builder_version=&#8221;4.17.4&#8243; _module_preset=&#8221;default&#8221; global_colors_info=&#8221;{}&#8221;][et_pb_blurb image_icon_background_color=&#8221;RGBA(255,255,255,0)&#8221; image=&#8221;https:\/\/resory-grudziadz.pl\/wp-content\/uploads\/2023\/08\/2560px-Allegro.pl_sklep.svg.png&#8221; image_icon_width=&#8221;157px&#8221; _builder_version=&#8221;4.17.4&#8243; _module_preset=&#8221;default&#8221; header_font=&#8221;Bebas Neue||||||||&#8221; header_font_size=&#8221;32px&#8221; body_font=&#8221;Inter||||||||&#8221; body_font_size=&#8221;14px&#8221; text_orientation=&#8221;center&#8221; background_layout=&#8221;dark&#8221; link_option_url=&#8221;https:\/\/allegro.pl\/uzytkownik\/Resory66&#8243; link_option_url_new_window=&#8221;on&#8221; global_colors_info=&#8221;{}&#8221;]ZNAJDZ NASZE PRODUKTY NA ALLEGRO [\/et_pb_blurb][\/et_pb_column][et_pb_column type=&#8221;1_3&#8243; _builder_version=&#8221;4.17.4&#8243; _module_preset=&#8221;default&#8221; global_colors_info=&#8221;{}&#8221;][et_pb_blurb image_icon_background_color=&#8221;RGBA(255,255,255,0)&#8221; image=&#8221;https:\/\/resory-grudziadz.pl\/wp-content\/uploads\/2023\/08\/autoline.png&#8221; image_icon_width=&#8221;125px&#8221; _builder_version=&#8221;4.17.4&#8243; _module_preset=&#8221;default&#8221; header_font=&#8221;Bebas Neue||||||||&#8221; header_font_size=&#8221;32px&#8221; body_font=&#8221;Inter||||||||&#8221; body_font_size=&#8221;14px&#8221; text_orientation=&#8221;center&#8221; background_layout=&#8221;dark&#8221; link_option_url=&#8221;https:\/\/autoline.com.pl\/pwtirerwisres\/&#8221; global_colors_info=&#8221;{}&#8221;]<\/p>\n<p><span> NASZE PRODUKTY ZNAJDZIESZ ROWNIE\u017b NA AUTOLINE <\/span><\/p>\n<p>[\/et_pb_blurb][\/et_pb_column][et_pb_column type=&#8221;1_3&#8243; _builder_version=&#8221;4.17.4&#8243; _module_preset=&#8221;default&#8221; global_colors_info=&#8221;{}&#8221;][et_pb_blurb image_icon_background_color=&#8221;RGBA(255,255,255,0)&#8221; image=&#8221;https:\/\/resory-grudziadz.pl\/wp-content\/uploads\/2023\/08\/YouTube_full-color_icon_2017.svg.png&#8221; image_icon_width=&#8221;94px&#8221; _builder_version=&#8221;4.17.4&#8243; _module_preset=&#8221;default&#8221; header_font=&#8221;Bebas Neue||||||||&#8221; header_font_size=&#8221;32px&#8221; body_font=&#8221;Inter||||||||&#8221; body_font_size=&#8221;14px&#8221; text_orientation=&#8221;center&#8221; background_layout=&#8221;dark&#8221; link_option_url=&#8221; https:\/\/www.youtube.com\/@SCHOMAECKER_Federnwerk\/videos&#8221; global_colors_info=&#8221;{}&#8221;]<\/p>\n<p><span>OBEJRZYJ NASZ KANA\u0141 YOUTUBE<\/span><\/p>\n<p>[\/et_pb_blurb][\/et_pb_column][\/et_pb_row][\/et_pb_section][et_pb_section fb_built=&#8221;1&#8243; module_id=&#8221;o-nas&#8221; _builder_version=&#8221;4.17.4&#8243; _module_preset=&#8221;default&#8221; custom_padding=&#8221;100px||110px|||&#8221; hover_enabled=&#8221;0&#8243; global_colors_info=&#8221;{}&#8221; sticky_enabled=&#8221;0&#8243;][et_pb_row column_structure=&#8221;1_2,1_4,1_4&#8243; use_custom_gutter=&#8221;on&#8221; gutter_width=&#8221;2&#8243; _builder_version=&#8221;4.17.4&#8243; _module_preset=&#8221;default&#8221; global_colors_info=&#8221;{}&#8221;][et_pb_column type=&#8221;1_2&#8243; _builder_version=&#8221;4.17.4&#8243; _module_preset=&#8221;default&#8221; global_colors_info=&#8221;{}&#8221;][et_pb_text _builder_version=&#8221;4.17.4&#8243; _module_preset=&#8221;default&#8221; header_font=&#8221;Bebas Neue||||||||&#8221; header_text_align=&#8221;center&#8221; header_font_size=&#8221;64px&#8221; header_2_font=&#8221;Bebas Neue|||on|||||&#8221; header_2_text_align=&#8221;center&#8221; header_2_font_size=&#8221;48px&#8221; module_alignment=&#8221;center&#8221; custom_margin=&#8221;||||false|false&#8221; global_colors_info=&#8221;{}&#8221;]<\/p>\n<h2><span>W naszej szerokiej ofercie posiadamy r\u00f3wnie\u017c szerok\u0105 gam\u0119 cz\u0119\u015bci zamiennych oraz akcesori\u00f3w do samochod\u00f3w ci\u0119\u017carowych, dostawczych, naczep i przyczep.<\/span><\/h2>\n<p>[\/et_pb_text][et_pb_text _builder_version=&#8221;4.17.4&#8243; _module_preset=&#8221;default&#8221; text_font=&#8221;Inter||||||||&#8221; text_line_height=&#8221;24px&#8221; text_orientation=&#8221;center&#8221; custom_margin=&#8221;||50px||false|false&#8221; global_colors_info=&#8221;{}&#8221;]<\/p>\n<p><span>Nasza firma zajmuje si\u0119 napraw\u0105<\/span><span>, regeneracj\u0105 i sprzeda\u017c\u0105 resor\u00f3w do wszystkich typ\u00f3w samochod\u00f3w ci\u0119\u017carowych i dostawczych<\/span><span>, naczep i przyczep<\/span><span>. Dodatkowo posiadamy w\u0142asna hartowni\u0119 i zajmujemy si\u0119 r\u00f3wnie\u017c produkcj\u0105 pi\u00f3r resor\u00f3w trudno dost\u0119pnych na rynku<\/span><span>. Dorabiamy r\u00f3wnie\u017c pojedyncze pi\u00f3ra wed\u0142ug \u017cyczenia klienta<\/span><span>. Prowadzimy sprzeda\u017c wysy\u0142kow\u0105 na ca\u0142y kraj oraz zagranic\u0119<\/span><span>. <\/span><\/p>\n<p>[\/et_pb_text][\/et_pb_column][et_pb_column type=&#8221;1_4&#8243; _builder_version=&#8221;4.17.4&#8243; _module_preset=&#8221;default&#8221; custom_padding=&#8221;||||false|true&#8221; global_colors_info=&#8221;{}&#8221;][et_pb_image src=&#8221;https:\/\/resory-grudziadz.pl\/wp-content\/uploads\/2023\/07\/b1-jpg.webp&#8221; title_text=&#8221;b1&#8243; align=&#8221;center&#8221; force_fullwidth=&#8221;on&#8221; module_class=&#8221;img-object-fit-cover&#8221; _builder_version=&#8221;4.17.4&#8243; _module_preset=&#8221;default&#8221; min_height=&#8221;210px&#8221; height=&#8221;210px&#8221; max_height=&#8221;210px&#8221; global_colors_info=&#8221;{}&#8221;][\/et_pb_image][et_pb_image src=&#8221;https:\/\/resory-grudziadz.pl\/wp-content\/uploads\/2023\/07\/b3-1-jpg.webp&#8221; title_text=&#8221;b3&#8243; align=&#8221;center&#8221; force_fullwidth=&#8221;on&#8221; module_class=&#8221;img-object-fit-cover&#8221; _builder_version=&#8221;4.17.4&#8243; _module_preset=&#8221;default&#8221; min_height=&#8221;210px&#8221; height=&#8221;210px&#8221; max_height=&#8221;210px&#8221; global_colors_info=&#8221;{}&#8221;][\/et_pb_image][\/et_pb_column][et_pb_column type=&#8221;1_4&#8243; _builder_version=&#8221;4.17.4&#8243; _module_preset=&#8221;default&#8221; global_colors_info=&#8221;{}&#8221;][et_pb_image src=&#8221;https:\/\/resory-grudziadz.pl\/wp-content\/uploads\/2023\/09\/PH-STAN-BE-PREMIUM-2023-2024-jpg.webp&#8221; title_text=&#8221;PH STAN BE PREMIUM 2023 2024&#8243; align=&#8221;center&#8221; module_class=&#8221;img-object-fit-cover&#8221; _builder_version=&#8221;4.17.4&#8243; _module_preset=&#8221;default&#8221; min_height=&#8221;210px&#8221; max_height=&#8221;210px&#8221; global_colors_info=&#8221;{}&#8221;][\/et_pb_image][et_pb_image src=&#8221;https:\/\/resory-grudziadz.pl\/wp-content\/uploads\/2023\/07\/b3-jpg.webp&#8221; title_text=&#8221;b3&#8243; align=&#8221;center&#8221; force_fullwidth=&#8221;on&#8221; module_class=&#8221;img-object-fit-cover&#8221; _builder_version=&#8221;4.17.4&#8243; _module_preset=&#8221;default&#8221; min_height=&#8221;210px&#8221; height=&#8221;210px&#8221; max_height=&#8221;210px&#8221; global_colors_info=&#8221;{}&#8221;][\/et_pb_image][\/et_pb_column][\/et_pb_row][\/et_pb_section][et_pb_section fb_built=&#8221;1&#8243; _builder_version=&#8221;4.17.4&#8243; _module_preset=&#8221;default&#8221; custom_padding=&#8221;100px||110px|||&#8221; global_colors_info=&#8221;{}&#8221;][et_pb_row _builder_version=&#8221;4.17.4&#8243; _module_preset=&#8221;default&#8221; global_colors_info=&#8221;{}&#8221;][et_pb_column type=&#8221;4_4&#8243; _builder_version=&#8221;4.17.4&#8243; _module_preset=&#8221;default&#8221; global_colors_info=&#8221;{}&#8221;][et_pb_text _builder_version=&#8221;4.17.4&#8243; _module_preset=&#8221;default&#8221; header_font=&#8221;Bebas Neue||||||||&#8221; header_text_align=&#8221;center&#8221; header_font_size=&#8221;64px&#8221; header_2_font=&#8221;Bebas Neue|||on|||||&#8221; header_2_text_align=&#8221;center&#8221; header_2_font_size=&#8221;48px&#8221; max_width=&#8221;770px&#8221; module_alignment=&#8221;center&#8221; custom_margin=&#8221;||95px||false|false&#8221; global_colors_info=&#8221;{}&#8221;]<\/p>\n<h2><span>Posiadamy najwi\u0119kszy w Polsce magazyn resor\u00f3w wszelkiego typu<\/span><span>! <\/span><\/h2>\n<p>[\/et_pb_text][et_pb_gallery gallery_ids=&#8221;184,185,186,182,183&#8243; posts_number=&#8221;5&#8243; show_title_and_caption=&#8221;off&#8221; show_pagination=&#8221;off&#8221; _builder_version=&#8221;4.17.4&#8243; _module_preset=&#8221;default&#8221; global_colors_info=&#8221;{}&#8221;][\/et_pb_gallery][et_pb_button button_url=&#8221;#kontakt&#8221; button_text=&#8221;ZADZWO\u0143 DO NAS&#8221; button_alignment=&#8221;center&#8221; _builder_version=&#8221;4.17.4&#8243; _module_preset=&#8221;default&#8221; custom_button=&#8221;on&#8221; button_font=&#8221;|600||on|||||&#8221; button_use_icon=&#8221;off&#8221; custom_margin=&#8221;||||false|false&#8221; custom_padding=&#8221;18px|66px|18px|66px|true|true&#8221; global_colors_info=&#8221;{}&#8221;][\/et_pb_button][\/et_pb_column][\/et_pb_row][\/et_pb_section][et_pb_section fb_built=&#8221;1&#8243; _builder_version=&#8221;4.17.4&#8243; _module_preset=&#8221;default&#8221; background_color=&#8221;#f0eeee&#8221; custom_padding=&#8221;100px||110px|||&#8221; global_colors_info=&#8221;{}&#8221;][et_pb_row _builder_version=&#8221;4.17.4&#8243; _module_preset=&#8221;default&#8221; global_colors_info=&#8221;{}&#8221;][et_pb_column type=&#8221;4_4&#8243; _builder_version=&#8221;4.17.4&#8243; _module_preset=&#8221;default&#8221; global_colors_info=&#8221;{}&#8221;][et_pb_text _builder_version=&#8221;4.17.4&#8243; _module_preset=&#8221;default&#8221; header_font=&#8221;Bebas Neue||||||||&#8221; header_text_align=&#8221;center&#8221; header_font_size=&#8221;64px&#8221; header_2_font=&#8221;Bebas Neue|||on|||||&#8221; header_2_text_align=&#8221;center&#8221; header_2_font_size=&#8221;48px&#8221; module_alignment=&#8221;center&#8221; custom_margin=&#8221;||95px||false|false&#8221; global_colors_info=&#8221;{}&#8221;]<\/p>\n<h2><span>Cotygodniowe dostawy nowych produkt\u00f3w<\/span><span>! <\/span><\/h2>\n<p>[\/et_pb_text][et_pb_gallery gallery_ids=&#8221;175,177,178,176,179&#8243; posts_number=&#8221;5&#8243; show_title_and_caption=&#8221;off&#8221; show_pagination=&#8221;off&#8221; _builder_version=&#8221;4.17.4&#8243; _module_preset=&#8221;default&#8221; caption_text_align=&#8221;center&#8221; text_orientation=&#8221;center&#8221; module_alignment=&#8221;center&#8221; global_colors_info=&#8221;{}&#8221;][\/et_pb_gallery][\/et_pb_column][\/et_pb_row][\/et_pb_section][et_pb_section fb_built=&#8221;1&#8243; _builder_version=&#8221;4.17.4&#8243; _module_preset=&#8221;default&#8221; background_color=&#8221;RGBA(255,255,255,0)&#8221; background_enable_image=&#8221;off&#8221; custom_padding=&#8221;100px||110px|||&#8221; global_colors_info=&#8221;{}&#8221;][et_pb_row _builder_version=&#8221;4.17.4&#8243; _module_preset=&#8221;default&#8221; global_colors_info=&#8221;{}&#8221;][et_pb_column type=&#8221;4_4&#8243; _builder_version=&#8221;4.17.4&#8243; _module_preset=&#8221;default&#8221; global_colors_info=&#8221;{}&#8221;][et_pb_text _builder_version=&#8221;4.17.4&#8243; _module_preset=&#8221;default&#8221; header_font=&#8221;Bebas Neue||||||||&#8221; header_text_align=&#8221;center&#8221; header_font_size=&#8221;64px&#8221; header_2_font=&#8221;Bebas Neue|||on|||||&#8221; header_2_text_align=&#8221;left&#8221; header_2_font_size=&#8221;48px&#8221; module_alignment=&#8221;center&#8221; custom_margin=&#8221;||||false|false&#8221; global_colors_info=&#8221;{}&#8221;]<\/p>\n<h2 style=\"text-align: center;\"><span>Wysy\u0142amy produkty do ka\u017cdego zak\u0105tka Polski i \u015awiata<\/span><\/h2>\n<p>[\/et_pb_text][et_pb_image src=&#8221;https:\/\/resory-grudziadz.pl\/wp-content\/uploads\/2023\/07\/mapa23-photo-crop-jpg.webp&#8221; title_text=&#8221;en-europe-map-outline&#8221; _builder_version=&#8221;4.17.4&#8243; _module_preset=&#8221;default&#8221; max_width=&#8221;660px&#8221; module_alignment=&#8221;center&#8221; global_colors_info=&#8221;{}&#8221;][\/et_pb_image][\/et_pb_column][\/et_pb_row][\/et_pb_section][et_pb_section fb_built=&#8221;1&#8243; _builder_version=&#8221;4.17.4&#8243; _module_preset=&#8221;default&#8221; custom_padding=&#8221;100px||110px|||&#8221; global_colors_info=&#8221;{}&#8221;][et_pb_row _builder_version=&#8221;4.17.4&#8243; _module_preset=&#8221;default&#8221; global_colors_info=&#8221;{}&#8221;][et_pb_column type=&#8221;4_4&#8243; _builder_version=&#8221;4.17.4&#8243; _module_preset=&#8221;default&#8221; global_colors_info=&#8221;{}&#8221;][et_pb_text _builder_version=&#8221;4.17.4&#8243; _module_preset=&#8221;default&#8221; header_font=&#8221;Bebas Neue||||||||&#8221; header_text_align=&#8221;center&#8221; header_font_size=&#8221;64px&#8221; header_2_font=&#8221;Bebas Neue|||on|||||&#8221; header_2_text_align=&#8221;center&#8221; header_2_font_size=&#8221;48px&#8221; module_alignment=&#8221;center&#8221; custom_margin=&#8221;||||false|false&#8221; global_colors_info=&#8221;{}&#8221;]<\/p>\n<h2><span>Pomoc przy doborze resor\u00f3w<\/span><\/h2>\n<p>[\/et_pb_text][et_pb_image src=&#8221;https:\/\/resory-grudziadz.pl\/wp-content\/uploads\/2023\/09\/Mierzenie-v2.png&#8221; title_text=&#8221;Mierzenie v2&#8243; _builder_version=&#8221;4.17.4&#8243; _module_preset=&#8221;default&#8221; width=&#8221;73%&#8221; max_width=&#8221;800px&#8221; module_alignment=&#8221;center&#8221; global_colors_info=&#8221;{}&#8221;][\/et_pb_image][\/et_pb_column][\/et_pb_row][\/et_pb_section][et_pb_section fb_built=&#8221;1&#8243; module_id=&#8221;kontakt&#8221; _builder_version=&#8221;4.17.4&#8243; _module_preset=&#8221;default&#8221; background_enable_color=&#8221;off&#8221; background_image=&#8221;https:\/\/resory-grudziadz.pl\/wp-content\/uploads\/2023\/07\/lg2x-opacity-jpg.webp&#8221; custom_padding=&#8221;100px||110px|||&#8221; global_colors_info=&#8221;{}&#8221;][et_pb_row _builder_version=&#8221;4.17.4&#8243; _module_preset=&#8221;default&#8221; custom_margin=&#8221;||||false|false&#8221; custom_padding=&#8221;48px|48px|48px|48px|true|true&#8221; border_radii=&#8221;on|2px|2px|2px|2px&#8221; border_width_all=&#8221;23px&#8221; border_color_all=&#8221;#FFFFFF&#8221; global_colors_info=&#8221;{}&#8221;][et_pb_column type=&#8221;4_4&#8243; _builder_version=&#8221;4.17.4&#8243; _module_preset=&#8221;default&#8221; global_colors_info=&#8221;{}&#8221;][et_pb_text _builder_version=&#8221;4.17.4&#8243; _module_preset=&#8221;default&#8221; header_font=&#8221;Bebas Neue||||||||&#8221; header_text_align=&#8221;center&#8221; header_font_size=&#8221;64px&#8221; header_2_font=&#8221;Bebas Neue|||on|||||&#8221; header_2_text_align=&#8221;center&#8221; header_2_font_size=&#8221;48px&#8221; background_layout=&#8221;dark&#8221; module_alignment=&#8221;center&#8221; custom_margin=&#8221;||40px||false|false&#8221; global_colors_info=&#8221;{}&#8221;]<\/p>\n<h2><span>NAPISZ DO NAS<\/span><\/h2>\n<p>[\/et_pb_text][et_pb_contact_form captcha=&#8221;off&#8221; email=&#8221;marketing.resory@pnet.pl&#8221; custom_message=&#8221;Imi\u0119: %%First_Name%%||et_pb_line_break_holder||Nazwisko: %%Last_Name%%||et_pb_line_break_holder||E-Mail: %%Email%%&#8221; module_class=&#8221;bydcode_et_pb_contact_form_0&#8243; _builder_version=&#8221;4.17.4&#8243; _module_preset=&#8221;default&#8221; _unique_id=&#8221;360786fe-f300-473b-ad5d-842d15db1bf4&#8243; width=&#8221;100%&#8221; max_width=&#8221;1008px&#8221; custom_css_main_element=&#8221;display: inline-flex;&#8221; global_colors_info=&#8221;{}&#8221;][et_pb_contact_field field_id=&#8221;First_Name&#8221; field_title=&#8221;Imi\u0119&#8221; _builder_version=&#8221;4.17.4&#8243; width=&#8221;248px&#8221; max_width=&#8221;248px&#8221; border_radii=&#8221;on|3px|3px|3px|3px&#8221; global_colors_info=&#8221;{}&#8221; button_text_size__hover_enabled=&#8221;off&#8221; button_one_text_size__hover_enabled=&#8221;off&#8221; button_two_text_size__hover_enabled=&#8221;off&#8221; button_text_color__hover_enabled=&#8221;off&#8221; button_one_text_color__hover_enabled=&#8221;off&#8221; button_two_text_color__hover_enabled=&#8221;off&#8221; button_border_width__hover_enabled=&#8221;off&#8221; button_one_border_width__hover_enabled=&#8221;off&#8221; button_two_border_width__hover_enabled=&#8221;off&#8221; button_border_color__hover_enabled=&#8221;off&#8221; button_one_border_color__hover_enabled=&#8221;off&#8221; button_two_border_color__hover_enabled=&#8221;off&#8221; button_border_radius__hover_enabled=&#8221;off&#8221; button_one_border_radius__hover_enabled=&#8221;off&#8221; button_two_border_radius__hover_enabled=&#8221;off&#8221; button_letter_spacing__hover_enabled=&#8221;off&#8221; button_one_letter_spacing__hover_enabled=&#8221;off&#8221; button_two_letter_spacing__hover_enabled=&#8221;off&#8221; button_bg_color__hover_enabled=&#8221;off&#8221; button_one_bg_color__hover_enabled=&#8221;off&#8221; button_two_bg_color__hover_enabled=&#8221;off&#8221;][\/et_pb_contact_field][et_pb_contact_field field_id=&#8221;Last_Name&#8221; field_title=&#8221;Nazwisko&#8221; _builder_version=&#8221;4.17.4&#8243; width=&#8221;248px&#8221; max_width=&#8221;248px&#8221; border_radii=&#8221;on|3px|3px|3px|3px&#8221; global_colors_info=&#8221;{}&#8221; button_text_size__hover_enabled=&#8221;off&#8221; button_one_text_size__hover_enabled=&#8221;off&#8221; button_two_text_size__hover_enabled=&#8221;off&#8221; button_text_color__hover_enabled=&#8221;off&#8221; button_one_text_color__hover_enabled=&#8221;off&#8221; button_two_text_color__hover_enabled=&#8221;off&#8221; button_border_width__hover_enabled=&#8221;off&#8221; button_one_border_width__hover_enabled=&#8221;off&#8221; button_two_border_width__hover_enabled=&#8221;off&#8221; button_border_color__hover_enabled=&#8221;off&#8221; button_one_border_color__hover_enabled=&#8221;off&#8221; button_two_border_color__hover_enabled=&#8221;off&#8221; button_border_radius__hover_enabled=&#8221;off&#8221; button_one_border_radius__hover_enabled=&#8221;off&#8221; button_two_border_radius__hover_enabled=&#8221;off&#8221; button_letter_spacing__hover_enabled=&#8221;off&#8221; button_one_letter_spacing__hover_enabled=&#8221;off&#8221; button_two_letter_spacing__hover_enabled=&#8221;off&#8221; button_bg_color__hover_enabled=&#8221;off&#8221; button_one_bg_color__hover_enabled=&#8221;off&#8221; button_two_bg_color__hover_enabled=&#8221;off&#8221;][\/et_pb_contact_field][et_pb_contact_field field_id=&#8221;Email&#8221; field_title=&#8221;E-Mail&#8221; field_type=&#8221;email&#8221; _builder_version=&#8221;4.17.4&#8243; width=&#8221;248px&#8221; max_width=&#8221;248px&#8221; border_radii=&#8221;on|3px|3px|3px|3px&#8221; global_colors_info=&#8221;{}&#8221; button_text_size__hover_enabled=&#8221;off&#8221; button_one_text_size__hover_enabled=&#8221;off&#8221; button_two_text_size__hover_enabled=&#8221;off&#8221; button_text_color__hover_enabled=&#8221;off&#8221; button_one_text_color__hover_enabled=&#8221;off&#8221; button_two_text_color__hover_enabled=&#8221;off&#8221; button_border_width__hover_enabled=&#8221;off&#8221; button_one_border_width__hover_enabled=&#8221;off&#8221; button_two_border_width__hover_enabled=&#8221;off&#8221; button_border_color__hover_enabled=&#8221;off&#8221; button_one_border_color__hover_enabled=&#8221;off&#8221; button_two_border_color__hover_enabled=&#8221;off&#8221; button_border_radius__hover_enabled=&#8221;off&#8221; button_one_border_radius__hover_enabled=&#8221;off&#8221; button_two_border_radius__hover_enabled=&#8221;off&#8221; button_letter_spacing__hover_enabled=&#8221;off&#8221; button_one_letter_spacing__hover_enabled=&#8221;off&#8221; button_two_letter_spacing__hover_enabled=&#8221;off&#8221; button_bg_color__hover_enabled=&#8221;off&#8221; button_one_bg_color__hover_enabled=&#8221;off&#8221; button_two_bg_color__hover_enabled=&#8221;off&#8221;][\/et_pb_contact_field][\/et_pb_contact_form][\/et_pb_column][\/et_pb_row][\/et_pb_section]<\/p>\n","protected":false},"excerpt":{"rendered":"<p>CENTRUM RESOR\u00d3W Dzia\u0142amy na rynku od 1983 roku. Specjalizujemy si\u0119 w sprzeda\u017cy wszelkiego typu resor\u00f3w do samochod\u00f3w ci\u0119\u017carowych, dostawczych, naczep, przyczep Jeste\u015bmy r\u00f3wnie\u017c polskim przedstawicielem niemieckiej firmy SCHOM\u00c4CKER FEDERNWERK GMBH &nbsp; KUPISZ U NAS &#8211; NIC NIE STRACISZ &#8211; U PO\u015aREDNIKA PRZEP\u0141ACISZZNAJDZ NASZE PRODUKTY NA ALLEGRO NASZE PRODUKTY ZNAJDZIESZ ROWNIE\u017b NA AUTOLINE OBEJRZYJ NASZ KANA\u0141 [&hellip;]<\/p>\n","protected":false},"author":1,"featured_media":0,"parent":0,"menu_order":0,"comment_status":"closed","ping_status":"closed","template":"","meta":{"_et_pb_use_builder":"on","_et_pb_old_content":"","_et_gb_content_width":"","footnotes":""},"class_list":["post-11","page","type-page","status-publish","hentry"],"_links":{"self":[{"href":"https:\/\/resory-grudziadz.pl\/index.php\/wp-json\/wp\/v2\/pages\/11","targetHints":{"allow":["GET"]}}],"collection":[{"href":"https:\/\/resory-grudziadz.pl\/index.php\/wp-json\/wp\/v2\/pages"}],"about":[{"href":"https:\/\/resory-grudziadz.pl\/index.php\/wp-json\/wp\/v2\/types\/page"}],"author":[{"embeddable":true,"href":"https:\/\/resory-grudziadz.pl\/index.php\/wp-json\/wp\/v2\/users\/1"}],"replies":[{"embeddable":true,"href":"https:\/\/resory-grudziadz.pl\/index.php\/wp-json\/wp\/v2\/comments?post=11"}],"version-history":[{"count":48,"href":"https:\/\/resory-grudziadz.pl\/index.php\/wp-json\/wp\/v2\/pages\/11\/revisions"}],"predecessor-version":[{"id":196,"href":"https:\/\/resory-grudziadz.pl\/index.php\/wp-json\/wp\/v2\/pages\/11\/revisions\/196"}],"wp:attachment":[{"href":"https:\/\/resory-grudziadz.pl\/index.php\/wp-json\/wp\/v2\/media?parent=11"}],"curies":[{"name":"wp","href":"https:\/\/api.w.org\/{rel}","templated":true}]}}